{"id":5138,"date":"2024-03-11T13:51:04","date_gmt":"2024-03-11T12:51:04","guid":{"rendered":"https:\/\/visitstranda.hornmedia.no\/?page_id=5138"},"modified":"2024-03-11T13:52:25","modified_gmt":"2024-03-11T12:52:25","slug":"personvern","status":"publish","type":"page","link":"https:\/\/visitstranda.com\/en\/personvern\/","title":{"rendered":"Personvern"},"content":{"rendered":"<style>.elementor-5138 .elementor-element.elementor-element-55deb853{--display:flex;--padding-top:80px;--padding-bottom:80px;--padding-left:30px;--padding-right:30px;}.elementor-5138 .elementor-element.elementor-element-338631f7{color:#000000;}:root{--page-title-display:none;}@media(max-width:767px){.elementor-5138 .elementor-element.elementor-element-55deb853{--padding-top:60px;--padding-bottom:60px;--padding-left:20px;--padding-right:20px;}.elementor-5138 .elementor-element.elementor-element-5f70546 .elementor-heading-title{font-size:30px;}}@media(min-width:768px){.elementor-5138 .elementor-element.elementor-element-55deb853{--content-width:1400px;}}<\/style>\t\t<div data-elementor-type=\"wp-page\" data-elementor-id=\"5138\" class=\"elementor elementor-5138\" data-elementor-post-type=\"page\">\n\t\t\t\t<div class=\"elementor-element elementor-element-55deb853 e-flex e-con-boxed e-con e-parent\" data-id=\"55deb853\" data-element_type=\"container\">\n\t\t\t\t\t<div class=\"e-con-inner\">\n\t\t\t\t<div class=\"elementor-element elementor-element-5f70546 exad-sticky-section-no exad-glass-effect-no elementor-widget elementor-widget-heading\" data-id=\"5f70546\" data-element_type=\"widget\" data-widget_type=\"heading.default\">\n\t\t\t\t<div class=\"elementor-widget-container\">\n\t\t\t\t\t<h1 class=\"elementor-heading-title elementor-size-default\">Personvern<\/h1>\t\t\t\t<\/div>\n\t\t\t\t<\/div>\n\t\t\t\t<div class=\"elementor-element elementor-element-338631f7 exad-sticky-section-no exad-glass-effect-no elementor-widget elementor-widget-text-editor\" data-id=\"338631f7\" data-element_type=\"widget\" data-widget_type=\"text-editor.default\">\n\t\t\t\t<div class=\"elementor-widget-container\">\n\t\t\t\t\t\t\t\t\t\n<h2 class=\"wp-block-heading has-medium-font-size\"><strong>Personvernerkl\u00e6ring for Visit Stranda og www.visitstranda.no<\/strong><\/h2>\n\n\n\n<p>Denne personvernerkl\u00e6ringen beskriver hva slags personopplysninger Visit Stranda samler inn og hvordan disse personopplysningene behandles.<\/p>\n\n\n\n<p>Visit Stranda forholder seg til den norske personopplysningsloven. Denne personvernerkl\u00e6ringen er laget etter kravene i personopplysningsloven \u00a7\u00a7 18 og 19.<\/p>\n\n\n\n<h2 class=\"wp-block-heading has-medium-font-size\"><strong>Hva er personopplysninger<\/strong><\/h2>\n\n\n\n<p>Personopplysninger er informasjon om den enkelte person. Dette kan v\u00e6re personens navn, adresse, arbeidssted, sivilstatus, telefonnummer, e-post adresse osv. Informasjon om din kontakt, kontakt\u00e5rsak og kontaktform med Visit Stranda kan ogs\u00e5 forst\u00e5s som personopplysninger.<\/p>\n\n\n\n<p>Sensitive personopplysninger samles verken inn eller brukes av Visit Stranda. Dette er personopplysninger som siktelser, straffbare handlinger, helse og lignende.<\/p>\n\n\n\n<p>\u00d8nsker du mer info om personopplysninger generelt kan https:\/\/www.datatilsynet.no\/om-personvern\/personopplysninger\/ bes\u00f8kes.<\/p>\n\n\n\n<h2 class=\"wp-block-heading has-medium-font-size\"><strong>Hvem er behandlingsansvarlig for dine personopplysninger hos Visit Stranda<\/strong><\/h2>\n\n\n\n<p>Visit Strandas egen Office Manager er ansvarlig for virksomhetens behandling av personopplysninger. Ved eventuell framtidig delegering er det kun delegering av oppgavene som skjer, ansvaret for personopplysningene hviler uansett alltid p\u00e5 Visit Stranda.<\/p>\n\n\n\n<h2 class=\"wp-block-heading has-medium-font-size\"><strong>Personopplysninger Visit Stranda mottar<\/strong><\/h2>\n\n\n\n<p>Visit Stranda har 2 kilder til personopplysninger som begge bygger p\u00e5 \u00a7 8 i personopplysningsloven.<\/p>\n\n\n\n<p>Hovedkilden for personopplysninger er opplysninger du selv oppgir. Dette skjer i all hovedsak gjennom kontaktskjemaet p\u00e5 Visit Stranda sin nettside. Kontaktskjemaet fungerer som m\u00f8teplassen mellom potensielle\/eksisterende kunder og Visit Stranda. Det er helt frivillig om du \u00f8nsker \u00e5 fylle ut et slikt skjema eller bare forbli passiv bes\u00f8kende p\u00e5 siden. Personopplysninger som samles inn via kontaktskjemaet er telefon, email og navn.<\/p>\n\n\n\n<p>I etterkant av kontaktskjemaet kan ytterligere personinformasjon bli generert gjennom e-mail, telefon og lignende korrespondanse mellom Visit Stranda og deg som en potensiell\/eksisterende kunde.<\/p>\n\n\n\n<p>En annen kilde til personopplysninger er opplysninger Visit Stranda selv samler inn. Innsamlingen skjer gjennom Google Analytics. Den fanger opp hvor lenge du er p\u00e5 siden, IP-adresse, hvem linker du trykker og antall brukere p\u00e5 siden til ulike tider for \u00e5 nevne noe.<\/p>\n\n\n\n<h2 class=\"wp-block-heading has-medium-font-size\"><strong>Hvordan Visit Stranda bruker personopplysningene<\/strong><\/h2>\n\n\n\n<p>Form\u00e5let med kontaktskjemaet og etterf\u00f8lgende korrespondanse er \u00e5 f\u00f8lge opp foresp\u00f8rsler og forpliktelser ovenfor kundene. Visit Stranda er en avhengig av en slik \u00e5pen plattform mellom seg og sine kunder for \u00e5 sikre en tilfredsstillende kommunikasjon og sluttprodukt.<\/p>\n\n\n\n<p>Form\u00e5let med Informasjonen fra Google Analytics er \u00e5 bedre nettside opplevelsen. Dette kan for eksempel v\u00e6re \u00e5 gj\u00f8re layoutene mer brukervennlig, forst\u00e5 bruker trender, effektivisere og levere tjenestene som forventes p\u00e5 en bedre m\u00e5te og hindre kriminell adferd som hacking.<\/p>\n\n\n\n<p>Det rettslige grunnlaget for Visit Stranda sin behandling av personopplysningene er personopplysningsloven \u00a7 11.<\/p>\n\n\n\n<h2 class=\"wp-block-heading has-medium-font-size\"><strong>Hvordan administrere egne personopplysninger<\/strong><\/h2>\n\n\n\n<p>Den begrensede mengden personopplysninger Visit Stranda samler inn via deg og p\u00e5 egent initiativ er sammenlignet med andre akt\u00f8rer og andre nettjenester sv\u00e6rt marginal. Dette har gjort at noe egen administrering av personopplysningene som for eksempel innstillinger i bruker apper og innstilinger i personalisert reklame ikke er aktuell hos oss. Personopplysningene innsamlet, brukes som nevnt ikke til slike form\u00e5l.<\/p>\n\n\n\n<p>Du har likevel alltid rettigheter knyttet til personopplysningene som du kan lese mer om nedenfor.<\/p>\n\n\n\n<h2 class=\"wp-block-heading has-medium-font-size\"><strong>Informasjonsdeling med tredjeparter<\/strong><\/h2>\n\n\n\n<p>Visit Stranda deler ikke noe personinformasjon fra kontaktskjemaet, egne innsamlinger eller informasjon fra andre med noen tredjepart. Skulle slik utdeling likevel skje, vil du alltid f\u00e5 samtykke foresp\u00f8rsel fra oss.<\/p>\n\n\n\n<h2 class=\"wp-block-heading has-medium-font-size\"><strong>Sikker arkivering, sletting og internkontroll<\/strong><\/h2>\n\n\n\n<p>I takt med personopplysningsloven \u00a7 13 vil alle personopplysninger Visit Stranda mottar bli arkivert p\u00e5 enten en sikker e-post eller server s\u00e5 lenge arbeidsforholdet mellom deg og Visit Stranda p\u00e5g\u00e5r. Ved opph\u00f8r i arbeidsforhold vil all kommunikasjon og personopplysninger slettes innen 2 \u00e5r.<\/p>\n\n\n\n<p>Visit Stranda har en internkontroll p\u00e5 slik arkivering, sikkerhet og sletting foreg\u00e5r etter m\u00e5l og i hold med rettslige standarder.<\/p>\n\n\n\n<h2 class=\"wp-block-heading has-medium-font-size\"><strong>Rettigheter<\/strong><\/h2>\n\n\n\n<p>Av personopplysningsloven har du som bruker eller kunde av Visit Stranda rett til \u00e5 bli glemt, rett til dataportabilitet, rett til innsyn, og rett mot \u00e5 bli profilert.<\/p>\n\n\n\n<p>Retten til \u00e5 bli glemt betyr at all personopplysninger registrert hos Visit Stranda kan bes slettes. Dersom dette ikke bes om vil Visit Stranda uansett slette det meste av personopplysninger 2 \u00e5r etter endt kontakt.<\/p>\n\n\n\n<p>Rett til dataportabilitet tilsier at du kan f\u00e5 en digital kopi av alle personopplysninger Visit Stranda har om deg. Denne retten inneb\u00e6rer ogs\u00e5 at du kan ta med disse personopplysningene til en annen virksomhet hvis det er teknisk mulig og forsvarlig. Personopplysninger som omfattes av dataportabilitet er personopplysninger gitt Visit Stranda, som gjennom kontaktskjemaet, eller automatiserte personopplysninger generert gjennom bruk av Visit Stranda sine tjenester.<\/p>\n\n\n\n<p>Rett til innsyn inneb\u00e6rer at du har rett til \u00e5 se hvilke opplysninger Visit Stranda har registrert om deg.<\/p>\n\n\n\n<p>Rett mot profilering gir rett til \u00e5 nekte Visit Stranda \u00e5 kartlegge din bruk og v\u00e6rem\u00e5te, og s\u00e5ledes skreddersy v\u00e5re tjenester mot deg basert p\u00e5 denne kartleggingen. Typiske eksempler vil v\u00e6re personalisert annonsering, tjenesteutvikling, markedsunders\u00f8kelser osv. Dette er likevel lite aktuelt ovenfor Visit Stranda n\u00e5r Visit Stranda i liten grad har interesse eller bruk for slik bredde og dybde kartlegging.<\/p>\n\n\n\n<p>For \u00e5 iverksette en eller flere av disse rettighetene, ta kontakt med oss. Du har en lovgitt rett p\u00e5 \u00e5 f\u00e5 svar fra oss innen minst 1 m\u00e5ned.<\/p>\n\n\n\n<h2 class=\"wp-block-heading has-medium-font-size\"><strong>Barns personvern<\/strong><\/h2>\n\n\n\n<p>Visit Stranda har verken \u00f8nske eller behov for \u00e5 samle inn eller behandle personopplysninger om barn under 16\u00e5r. Slike personopplysninger m\u00e5 komme gjennom en foresatt.<\/p>\n\n\n\n<p>Personinformasjon etterlatt av barn til Visit Stranda vil slettes s\u00e5 raskt det kommer Visit Stranda til kunnskap.<\/p>\n\n\n\n<h2 class=\"wp-block-heading has-medium-font-size\"><strong>Personvernombud<\/strong><\/h2>\n\n\n\n<p>Visit Stranda har ikke noe personvernombud siden bedriften ikke er en offentlig virksomhet, ikke behandler sensitive opplysninger, ikke beg\u00e5r systematisk kartlegging av personer og ikke behandler personopplysninger om straffbare forhold.<\/p>\n\n\n\n<h2 class=\"wp-block-heading has-medium-font-size\"><strong>Gjennomf\u00f8ring av endringer<\/strong><\/h2>\n\n\n\n<p>Visit Stranda vil fra tid til annen oppdatere sin personvernerkl\u00e6ring for \u00e5 sikre at den holder den rettslige standarden norsk rett krever. Slike oppdateringer vil dere bli informert om.<\/p>\n\n\n\n<h2 class=\"wp-block-heading has-medium-font-size\"><strong>Kontaktinformasjon<\/strong><\/h2>\n\n\n\n<p>Har du ytterligere sp\u00f8rsm\u00e5l om Visit Strandas personvernerkl\u00e6ring eller andre foresp\u00f8rsler kan du kontakte bedriften.<\/p>\n\n\n\n<p>Phone: +47 45 16 40 00<\/p>\n\n\n\n<p>Mail: booking@visitstranda.no<\/p>\n\t\t\t\t\t\t\t\t<\/div>\n\t\t\t\t<\/div>\n\t\t\t\t\t<\/div>\n\t\t\t\t<\/div>\n\t\t\t\t<\/div>","protected":false},"excerpt":{"rendered":"<p>Personvern Personvernerkl\u00e6ring for Visit Stranda og www.visitstranda.no Denne personvernerkl\u00e6ringen beskriver hva slags personopplysninger Visit Stranda samler inn og hvordan disse personopplysningene behandles. Visit Stranda forholder seg til den norske personopplysningsloven. [&hellip;]<\/p>","protected":false},"author":1,"featured_media":0,"parent":0,"menu_order":0,"comment_status":"closed","ping_status":"closed","template":"","meta":{"footnotes":""},"class_list":["post-5138","page","type-page","status-publish","hentry"],"yoast_head":"<!-- This site is optimized with the Yoast SEO plugin v26.5 - https:\/\/yoast.com\/wordpress\/plugins\/seo\/ -->\n<title>Personvern | Visit Stranda<\/title>\n<meta name=\"robots\" content=\"index, follow, max-snippet:-1, max-image-preview:large, max-video-preview:-1\" \/>\n<link rel=\"canonical\" href=\"https:\/\/visitstranda.com\/en\/personvern\/\" \/>\n<meta property=\"og:locale\" content=\"en_GB\" \/>\n<meta property=\"og:type\" content=\"article\" \/>\n<meta property=\"og:title\" content=\"Personvern | Visit Stranda\" \/>\n<meta property=\"og:description\" content=\"Personvern Personvernerkl\u00e6ring for Visit Stranda og www.visitstranda.no Denne personvernerkl\u00e6ringen beskriver hva slags personopplysninger Visit Stranda samler inn og hvordan disse personopplysningene behandles. Visit Stranda forholder seg til den norske personopplysningsloven. [&hellip;]\" \/>\n<meta property=\"og:url\" content=\"https:\/\/visitstranda.com\/en\/personvern\/\" \/>\n<meta property=\"og:site_name\" content=\"Visit Stranda\" \/>\n<meta property=\"article:publisher\" content=\"https:\/\/www.facebook.com\/visitstranda.no\/\" \/>\n<meta property=\"article:modified_time\" content=\"2024-03-11T12:52:25+00:00\" \/>\n<meta name=\"twitter:card\" content=\"summary_large_image\" \/>\n<meta name=\"twitter:label1\" content=\"Estimated reading time\" \/>\n\t<meta name=\"twitter:data1\" content=\"6 minutes\" \/>\n<script type=\"application\/ld+json\" class=\"yoast-schema-graph\">{\"@context\":\"https:\/\/schema.org\",\"@graph\":[{\"@type\":\"WebPage\",\"@id\":\"https:\/\/visitstranda.com\/personvern\/\",\"url\":\"https:\/\/visitstranda.com\/personvern\/\",\"name\":\"Personvern | Visit Stranda\",\"isPartOf\":{\"@id\":\"https:\/\/visitstranda.com\/#website\"},\"datePublished\":\"2024-03-11T12:51:04+00:00\",\"dateModified\":\"2024-03-11T12:52:25+00:00\",\"breadcrumb\":{\"@id\":\"https:\/\/visitstranda.com\/personvern\/#breadcrumb\"},\"inLanguage\":\"en-GB\",\"potentialAction\":[{\"@type\":\"ReadAction\",\"target\":[\"https:\/\/visitstranda.com\/personvern\/\"]}]},{\"@type\":\"BreadcrumbList\",\"@id\":\"https:\/\/visitstranda.com\/personvern\/#breadcrumb\",\"itemListElement\":[{\"@type\":\"ListItem\",\"position\":1,\"name\":\"Hjem\",\"item\":\"https:\/\/visitstranda.com\/\"},{\"@type\":\"ListItem\",\"position\":2,\"name\":\"Personvern\"}]},{\"@type\":\"WebSite\",\"@id\":\"https:\/\/visitstranda.com\/#website\",\"url\":\"https:\/\/visitstranda.com\/\",\"name\":\"Visit Stranda\",\"description\":\"Opplev hel\u00e5rsdestinasjonen Stranda\",\"publisher\":{\"@id\":\"https:\/\/visitstranda.com\/#organization\"},\"potentialAction\":[{\"@type\":\"SearchAction\",\"target\":{\"@type\":\"EntryPoint\",\"urlTemplate\":\"https:\/\/visitstranda.com\/?s={search_term_string}\"},\"query-input\":{\"@type\":\"PropertyValueSpecification\",\"valueRequired\":true,\"valueName\":\"search_term_string\"}}],\"inLanguage\":\"en-GB\"},{\"@type\":\"Organization\",\"@id\":\"https:\/\/visitstranda.com\/#organization\",\"name\":\"Visit Stranda\",\"url\":\"https:\/\/visitstranda.com\/\",\"logo\":{\"@type\":\"ImageObject\",\"inLanguage\":\"en-GB\",\"@id\":\"https:\/\/visitstranda.com\/#\/schema\/logo\/image\/\",\"url\":\"https:\/\/visitstranda.com\/wp-content\/uploads\/2024\/01\/Logo_Visit-Stranda_90-Black_Clear-space2022_0-e1706182483488.png\",\"contentUrl\":\"https:\/\/visitstranda.com\/wp-content\/uploads\/2024\/01\/Logo_Visit-Stranda_90-Black_Clear-space2022_0-e1706182483488.png\",\"width\":360,\"height\":372,\"caption\":\"Visit Stranda\"},\"image\":{\"@id\":\"https:\/\/visitstranda.com\/#\/schema\/logo\/image\/\"},\"sameAs\":[\"https:\/\/www.facebook.com\/visitstranda.no\/\",\"https:\/\/www.instagram.com\/strandabooking\/\"]}]}<\/script>\n<!-- \/ Yoast SEO plugin. -->","yoast_head_json":{"title":"Personvern | Visit Stranda","robots":{"index":"index","follow":"follow","max-snippet":"max-snippet:-1","max-image-preview":"max-image-preview:large","max-video-preview":"max-video-preview:-1"},"canonical":"https:\/\/visitstranda.com\/en\/personvern\/","og_locale":"en_GB","og_type":"article","og_title":"Personvern | Visit Stranda","og_description":"Personvern Personvernerkl\u00e6ring for Visit Stranda og www.visitstranda.no Denne personvernerkl\u00e6ringen beskriver hva slags personopplysninger Visit Stranda samler inn og hvordan disse personopplysningene behandles. Visit Stranda forholder seg til den norske personopplysningsloven. [&hellip;]","og_url":"https:\/\/visitstranda.com\/en\/personvern\/","og_site_name":"Visit Stranda","article_publisher":"https:\/\/www.facebook.com\/visitstranda.no\/","article_modified_time":"2024-03-11T12:52:25+00:00","twitter_card":"summary_large_image","twitter_misc":{"Estimated reading time":"6 minutes"},"schema":{"@context":"https:\/\/schema.org","@graph":[{"@type":"WebPage","@id":"https:\/\/visitstranda.com\/personvern\/","url":"https:\/\/visitstranda.com\/personvern\/","name":"Personvern | Visit Stranda","isPartOf":{"@id":"https:\/\/visitstranda.com\/#website"},"datePublished":"2024-03-11T12:51:04+00:00","dateModified":"2024-03-11T12:52:25+00:00","breadcrumb":{"@id":"https:\/\/visitstranda.com\/personvern\/#breadcrumb"},"inLanguage":"en-GB","potentialAction":[{"@type":"ReadAction","target":["https:\/\/visitstranda.com\/personvern\/"]}]},{"@type":"BreadcrumbList","@id":"https:\/\/visitstranda.com\/personvern\/#breadcrumb","itemListElement":[{"@type":"ListItem","position":1,"name":"Hjem","item":"https:\/\/visitstranda.com\/"},{"@type":"ListItem","position":2,"name":"Personvern"}]},{"@type":"WebSite","@id":"https:\/\/visitstranda.com\/#website","url":"https:\/\/visitstranda.com\/","name":"Visit Stranda","description":"Opplev hel\u00e5rsdestinasjonen Stranda","publisher":{"@id":"https:\/\/visitstranda.com\/#organization"},"potentialAction":[{"@type":"SearchAction","target":{"@type":"EntryPoint","urlTemplate":"https:\/\/visitstranda.com\/?s={search_term_string}"},"query-input":{"@type":"PropertyValueSpecification","valueRequired":true,"valueName":"search_term_string"}}],"inLanguage":"en-GB"},{"@type":"Organization","@id":"https:\/\/visitstranda.com\/#organization","name":"Visit Stranda","url":"https:\/\/visitstranda.com\/","logo":{"@type":"ImageObject","inLanguage":"en-GB","@id":"https:\/\/visitstranda.com\/#\/schema\/logo\/image\/","url":"https:\/\/visitstranda.com\/wp-content\/uploads\/2024\/01\/Logo_Visit-Stranda_90-Black_Clear-space2022_0-e1706182483488.png","contentUrl":"https:\/\/visitstranda.com\/wp-content\/uploads\/2024\/01\/Logo_Visit-Stranda_90-Black_Clear-space2022_0-e1706182483488.png","width":360,"height":372,"caption":"Visit Stranda"},"image":{"@id":"https:\/\/visitstranda.com\/#\/schema\/logo\/image\/"},"sameAs":["https:\/\/www.facebook.com\/visitstranda.no\/","https:\/\/www.instagram.com\/strandabooking\/"]}]}},"_links":{"self":[{"href":"https:\/\/visitstranda.com\/en\/wp-json\/wp\/v2\/pages\/5138","targetHints":{"allow":["GET"]}}],"collection":[{"href":"https:\/\/visitstranda.com\/en\/wp-json\/wp\/v2\/pages"}],"about":[{"href":"https:\/\/visitstranda.com\/en\/wp-json\/wp\/v2\/types\/page"}],"author":[{"embeddable":true,"href":"https:\/\/visitstranda.com\/en\/wp-json\/wp\/v2\/users\/1"}],"replies":[{"embeddable":true,"href":"https:\/\/visitstranda.com\/en\/wp-json\/wp\/v2\/comments?post=5138"}],"version-history":[{"count":5,"href":"https:\/\/visitstranda.com\/en\/wp-json\/wp\/v2\/pages\/5138\/revisions"}],"predecessor-version":[{"id":5149,"href":"https:\/\/visitstranda.com\/en\/wp-json\/wp\/v2\/pages\/5138\/revisions\/5149"}],"wp:attachment":[{"href":"https:\/\/visitstranda.com\/en\/wp-json\/wp\/v2\/media?parent=5138"}],"curies":[{"name":"wp","href":"https:\/\/api.w.org\/{rel}","templated":true}]}}